{"id":19153,"date":"2014-06-03T11:35:29","date_gmt":"2014-06-03T11:35:29","guid":{"rendered":"http:\/\/demo.select-themes.com\/stockholm1\/?page_id=19153"},"modified":"2016-07-27T17:02:57","modified_gmt":"2016-07-27T17:02:57","slug":"leistungen","status":"publish","type":"page","link":"http:\/\/www.planungslabor.com\/test\/leistungen\/","title":{"rendered":"Leistungen"},"content":{"rendered":"<p>[vc_row row_type=&#8221;row&#8221; use_row_as_full_screen_section=&#8221;no&#8221; type=&#8221;full_width&#8221; text_align=&#8221;left&#8221; background_color=&#8221;#ffffff&#8221; css_animation=&#8221;&#8221;][vc_column][vc_row_inner row_type=&#8221;row&#8221; type=&#8221;grid&#8221; use_row_as_full_screen_section_slide=&#8221;no&#8221; text_align=&#8221;left&#8221; background_color=&#8221;#ffffff&#8221; padding_top=&#8221;50&#8243; css_animation=&#8221;&#8221;][vc_column_inner][vc_column_text]<\/p>\n<h4>[dP]3 das Planungslabor GmbH<\/h4>\n<p>[\/vc_column_text][vc_separator type=&#8221;transparent&#8221; border_style=&#8221;&#8221; up=&#8221;20&#8243; down=&#8221;0&#8243;][vc_column_text]<\/p>\n<h2>Ihr zuverl\u00e4ssiger Partner<\/h2>\n<p>[\/vc_column_text][vc_separator type=&#8221;transparent&#8221; border_style=&#8221;&#8221; up=&#8221;20&#8243; down=&#8221;0&#8243;][\/vc_column_inner][\/vc_row_inner][\/vc_column][\/vc_row][vc_row row_type=&#8221;row&#8221; use_row_as_full_screen_section=&#8221;no&#8221; type=&#8221;grid&#8221; text_align=&#8221;left&#8221; background_color=&#8221;#ffffff&#8221; css_animation=&#8221;&#8221;][vc_column width=&#8221;1\/2&#8243;][vc_column_text][dP]3 das Planungslabor GmbH steht Ihnen als kompetenter und zuverl\u00e4ssiger Partner in allen Fragen zur Laborplanung, der Planung von \u00dcbersiedlungen ihrer Laborausstattungen sowie der Umgestaltung und Sanierung von Geb\u00e4uden beziehungsweise Geb\u00e4udeteilen aller Art zur Verf\u00fcgung. Bei uns erhalten Sie eine professionelle Beratung mit Blick auf versteckte M\u00e4ngel bei Ihren bestehenden Laboreinrichtungen und nat\u00fcrlich eine Wirtschaftlichkeitsbetrachtung zu den notwendigen Ma\u00dfnahmen, die zur Optimierung Ihrer Laborfl\u00e4chen notwendig sind. Au\u00dferdem offerieren wir eine individuelle und hochwertige Planung inklusive \u00dcberwachung in allen Phasen der Errichtung.[\/vc_column_text][vc_separator type=&#8221;transparent&#8221; border_style=&#8221;&#8221; up=&#8221;60&#8243; down=&#8221;0&#8243;][\/vc_column][vc_column width=&#8221;1\/2&#8243;][vc_column_text]Wir bieten unsere Leistungen f\u00fcr technisch hochinstallierte Geb\u00e4ude wie zum Beispiel Forschungs-, Labor- und Institutsgeb\u00e4ude, Versuchstierhaltung, GMP- und Reinraumbereiche sowie Pharma-, Hospital- und Industriegeb\u00e4ude an. Neben diesem breiten Spektrum an Know How geh\u00f6ren auch Generalplanerleistungen mit verschiedensten Kooperationspartnern zu unserem Portfolio. Namhafte Unternehmen verlassen sich auf unsere Erfahrungen und die vielfach unter Beweis gestellte Kompetenz.[\/vc_column_text][vc_separator type=&#8221;transparent&#8221; border_style=&#8221;&#8221; up=&#8221;60&#8243; down=&#8221;0&#8243;][\/vc_column][\/vc_row][vc_row row_type=&#8221;row&#8221; use_row_as_full_screen_section=&#8221;no&#8221; type=&#8221;full_width&#8221; text_align=&#8221;left&#8221; background_color=&#8221;#f5f5f5&#8243; css_animation=&#8221;&#8221; css=&#8221;.vc_custom_1468913603982{background-color: #ffffff !important;}&#8221;][vc_column][vc_row_inner row_type=&#8221;row&#8221; type=&#8221;grid&#8221; use_row_as_full_screen_section_slide=&#8221;no&#8221; text_align=&#8221;left&#8221; padding_top=&#8221;80&#8243; css_animation=&#8221;&#8221;][vc_column_inner width=&#8221;1\/2&#8243;][vc_single_image image=&#8221;21365&#8243; img_size=&#8221;700&#215;350&#8243; alignment=&#8221;right&#8221; qode_css_animation=&#8221;&#8221;][\/vc_column_inner][vc_column_inner width=&#8221;1\/2&#8243;][vc_column_text]<\/p>\n<h5>BERATUNG<\/h5>\n<p>[\/vc_column_text][vc_separator type=&#8221;transparent&#8221; border_style=&#8221;&#8221; up=&#8221;20&#8243; down=&#8221;0&#8243;][vc_column_text]Das Verst\u00e4ndnis f\u00fcr die wechselseitige Beziehung von Architektur, Haustechnik und Nutzerverhalten ist die Basis f\u00fcr eine qualitativ hochwertige Planung und den nachhaltigen Betrieb einer komplexen Laborausstattung.<\/p>\n<p>&nbsp;<\/p>\n<ul>\n<li>Grundlagenermittlung<\/li>\n<li>Wirtschaftlichkeitsbetrachtung<\/li>\n<li>Vertriebsunterst\u00fctzung f\u00fcr Hersteller<\/li>\n<\/ul>\n<p>[\/vc_column_text][vc_separator type=&#8221;transparent&#8221; border_style=&#8221;&#8221; up=&#8221;10&#8243; down=&#8221;0&#8243;][\/vc_column_inner][\/vc_row_inner][\/vc_column][\/vc_row][vc_row row_type=&#8221;row&#8221; use_row_as_full_screen_section=&#8221;no&#8221; type=&#8221;full_width&#8221; text_align=&#8221;left&#8221; background_color=&#8221;#f5f5f5&#8243; css_animation=&#8221;&#8221; css=&#8221;.vc_custom_1468913171307{background-color: #ffffff !important;}&#8221;][vc_column][vc_row_inner row_type=&#8221;row&#8221; type=&#8221;grid&#8221; use_row_as_full_screen_section_slide=&#8221;no&#8221; text_align=&#8221;left&#8221; padding_top=&#8221;80&#8243; css_animation=&#8221;&#8221;][vc_column_inner width=&#8221;1\/2&#8243;][vc_column_text]<\/p>\n<h5>PLANUNG<\/h5>\n<p>[\/vc_column_text][vc_separator type=&#8221;transparent&#8221; border_style=&#8221;&#8221; up=&#8221;20&#8243; down=&#8221;0&#8243;][vc_column_text]Eine individuelle, auf die jeweiligen Bed\u00fcrfnisse abgestimmte Planung setzt eine umfassende und intensive Auseinandersetzung mit den Anforderungen des Kunden voraus. Somit k\u00f6nnen wir eine kompetente Beratung w\u00e4hrend des gesamten Ausschreibungs- und Vergabeprozesses gew\u00e4hrleisten, was einen wesentlichen Baustein f\u00fcr einen erfolgreichen Projektverlauf bildet.<\/p>\n<p>&nbsp;<\/p>\n<ul>\n<li>Vorplanung<\/li>\n<li>Entwurfsplanung<\/li>\n<li>Bewilligungsplanung<\/li>\n<li>Ausf\u00fchrungsplanung<\/li>\n<li>Ausschreibung und Vergabe<\/li>\n<\/ul>\n<p>[\/vc_column_text][\/vc_column_inner][vc_column_inner width=&#8221;1\/2&#8243;][vc_separator type=&#8221;transparent&#8221; border_style=&#8221;&#8221; up=&#8221;15&#8243; down=&#8221;0&#8243;][vc_single_image image=&#8221;21362&#8243; img_size=&#8221;700&#215;400&#8243; alignment=&#8221;right&#8221; qode_css_animation=&#8221;&#8221;][vc_separator type=&#8221;transparent&#8221; border_style=&#8221;&#8221; up=&#8221;15&#8243; down=&#8221;0&#8243;][\/vc_column_inner][\/vc_row_inner][\/vc_column][\/vc_row][vc_row row_type=&#8221;row&#8221; use_row_as_full_screen_section=&#8221;no&#8221; type=&#8221;full_width&#8221; text_align=&#8221;left&#8221; background_color=&#8221;#f5f5f5&#8243; css_animation=&#8221;&#8221; css=&#8221;.vc_custom_1468913989737{background-color: #ffffff !important;}&#8221;][vc_column][vc_row_inner row_type=&#8221;row&#8221; type=&#8221;grid&#8221; use_row_as_full_screen_section_slide=&#8221;no&#8221; text_align=&#8221;left&#8221; padding_top=&#8221;80&#8243; css_animation=&#8221;&#8221;][vc_column_inner width=&#8221;1\/2&#8243;][vc_single_image image=&#8221;21517&#8243; img_size=&#8221;700&#215;500&#8243; alignment=&#8221;right&#8221; qode_css_animation=&#8221;&#8221;][vc_separator type=&#8221;transparent&#8221; border_style=&#8221;&#8221; up=&#8221;10&#8243; down=&#8221;0&#8243;][\/vc_column_inner][vc_column_inner width=&#8221;1\/2&#8243;][vc_column_text]<\/p>\n<h5>\u00dcBERWACHUNG<\/h5>\n<p>[\/vc_column_text][vc_separator type=&#8221;transparent&#8221; border_style=&#8221;&#8221; up=&#8221;20&#8243; down=&#8221;0&#8243;][vc_column_text]In der Planungsphase werden alle wichtigen Grundlagen f\u00fcr die weiteren Arbeiten definiert. Damit nun auch w\u00e4hrend der Ausf\u00fchrung die hohen Qualit\u00e4tsstandards eingehalten werden, wenden wir anerkannte Projektmanagementmethoden an, kombiniert mit konsequenter \u00dcberwachung, um sicherzustellen, dass s\u00e4mtliche Ziele mit h\u00f6chster Pr\u00e4zision erreicht werden.<\/p>\n<p>&nbsp;<\/p>\n<ul>\n<li>Fachaufsicht<\/li>\n<li>Termin- und Ablauf\u00fcberwachung<\/li>\n<li>Ressourcen\u00fcberwachung<\/li>\n<li>Kosten\u00fcberwachung<\/li>\n<li>Rechnungspr\u00fcfung<\/li>\n<li>Claim Management<\/li>\n<li>\u00dcbernahme und Schlussfeststellung<\/li>\n<\/ul>\n<p>[\/vc_column_text][vc_separator type=&#8221;transparent&#8221; border_style=&#8221;&#8221; up=&#8221;70&#8243; down=&#8221;0&#8243;][\/vc_column_inner][\/vc_row_inner][\/vc_column][\/vc_row]<\/p>\n","protected":false},"excerpt":{"rendered":"<p>[vc_row row_type=&#8221;row&#8221; use_row_as_full_screen_section=&#8221;no&#8221; type=&#8221;full_width&#8221; text_align=&#8221;left&#8221; background_color=&#8221;#ffffff&#8221; css_animation=&#8221;&#8221;][vc_column][vc_row_inner row_type=&#8221;row&#8221; type=&#8221;grid&#8221; use_row_as_full_screen_section_slide=&#8221;no&#8221; text_align=&#8221;left&#8221; background_color=&#8221;#ffffff&#8221; padding_top=&#8221;50&#8243; css_animation=&#8221;&#8221;][vc_column_inner][vc_column_text] [dP]3 das Planungslabor GmbH [\/vc_column_text][vc_separator type=&#8221;transparent&#8221; border_style=&#8221;&#8221; up=&#8221;20&#8243; down=&#8221;0&#8243;][vc_column_text] Ihr zuverl\u00e4ssiger Partner [\/vc_column_text][vc_separator type=&#8221;transparent&#8221; border_style=&#8221;&#8221; up=&#8221;20&#8243; down=&#8221;0&#8243;][\/vc_column_inner][\/vc_row_inner][\/vc_column][\/vc_row][vc_row row_type=&#8221;row&#8221; use_row_as_full_screen_section=&#8221;no&#8221; type=&#8221;grid&#8221; text_align=&#8221;left&#8221; background_color=&#8221;#ffffff&#8221; css_animation=&#8221;&#8221;][vc_column width=&#8221;1\/2&#8243;][vc_column_text][dP]3 das Planungslabor GmbH steht Ihnen als kompetenter&#8230;<\/p>\n","protected":false},"author":1,"featured_media":0,"parent":0,"menu_order":0,"comment_status":"open","ping_status":"open","template":"full_width.php","meta":[],"_links":{"self":[{"href":"http:\/\/www.planungslabor.com\/test\/wp-json\/wp\/v2\/pages\/19153"}],"collection":[{"href":"http:\/\/www.planungslabor.com\/test\/wp-json\/wp\/v2\/pages"}],"about":[{"href":"http:\/\/www.planungslabor.com\/test\/wp-json\/wp\/v2\/types\/page"}],"author":[{"embeddable":true,"href":"http:\/\/www.planungslabor.com\/test\/wp-json\/wp\/v2\/users\/1"}],"replies":[{"embeddable":true,"href":"http:\/\/www.planungslabor.com\/test\/wp-json\/wp\/v2\/comments?post=19153"}],"version-history":[{"count":62,"href":"http:\/\/www.planungslabor.com\/test\/wp-json\/wp\/v2\/pages\/19153\/revisions"}],"predecessor-version":[{"id":21574,"href":"http:\/\/www.planungslabor.com\/test\/wp-json\/wp\/v2\/pages\/19153\/revisions\/21574"}],"wp:attachment":[{"href":"http:\/\/www.planungslabor.com\/test\/wp-json\/wp\/v2\/media?parent=19153"}],"curies":[{"name":"wp","href":"https:\/\/api.w.org\/{rel}","templated":true}]}}