{"id":19173,"date":"2014-06-03T12:18:50","date_gmt":"2014-06-03T12:18:50","guid":{"rendered":"http:\/\/demo.select-themes.com\/stockholm1\/?page_id=19173"},"modified":"2016-07-27T17:07:42","modified_gmt":"2016-07-27T17:07:42","slug":"unternehmen","status":"publish","type":"page","link":"http:\/\/www.planungslabor.com\/test\/unternehmen\/","title":{"rendered":"Unternehmen"},"content":{"rendered":"<p>[vc_row row_type=&#8221;row&#8221; use_row_as_full_screen_section=&#8221;no&#8221; type=&#8221;full_width&#8221; text_align=&#8221;left&#8221; css_animation=&#8221;&#8221;][vc_column][vc_column_text]<\/p>\n<h2>Wer sind wir?<\/h2>\n<p>[\/vc_column_text][\/vc_column][\/vc_row][vc_row row_type=&#8221;row&#8221; use_row_as_full_screen_section=&#8221;no&#8221; type=&#8221;full_width&#8221; text_align=&#8221;left&#8221; padding_top=&#8221;10&#8243; padding_bottom=&#8221;50&#8243; css_animation=&#8221;&#8221;][vc_column][vc_separator type=&#8221;transparent&#8221; border_style=&#8221;&#8221; up=&#8221;20&#8243; down=&#8221;0&#8243; icon_pack=&#8221;font_awesome&#8221;][vc_column_text]Um f\u00fcr unsere Kunden immer beste Ergebnisse garantieren zu k\u00f6nnen, haben wir bei [dP]3 das Planungslabor GmbH Zuverl\u00e4ssigkeit, Effizienz und Logik in all unseren Leistungen verankert. Da es uns au\u00dferdem ganz besonders wichtig ist, einen kooperativen Ansatz bei unserem Tun zu verfolgen, ist es uns m\u00f6glich, f\u00fcr unsere Kunden individuelle L\u00f6sungen mit besonderen Blick auf die spezifischen Herausforderungen zu liefern. Die hohe Professionalit\u00e4t mit der wir all unsere Projekte umsetzen, ist somit das Resultat einer strikten Fokussierung auf unsere Kunden und der F\u00e4higkeit alle Perspektiven einnehmen zu k\u00f6nnen, die f\u00fcr eine erfolgreiche Zusammenarbeit ausschlaggebend sind.[\/vc_column_text][\/vc_column][\/vc_row][vc_row row_type=&#8221;row&#8221; use_row_as_full_screen_section=&#8221;no&#8221; type=&#8221;full_width&#8221; text_align=&#8221;left&#8221; background_color=&#8221;#ffffff&#8221; css_animation=&#8221;&#8221;][vc_column][vc_row_inner row_type=&#8221;row&#8221; type=&#8221;grid&#8221; use_row_as_full_screen_section_slide=&#8221;no&#8221; text_align=&#8221;left&#8221; padding_top=&#8221;110&#8243; padding_bottom=&#8221;20&#8243; css_animation=&#8221;&#8221;][vc_column_inner width=&#8221;1\/2&#8243;]<div class='q_icon_with_title  circle'><div class=\"icon_holder \" style=\" \"><div class=\"icon_holder_inner\"><span class=\"q_font_elegant_holder circle  custom-font\" style=\"font-size: 28px;\"><span class=\"icon_text_icon q_font_elegant_icon icon_check\" aria-hidden=\"true\" style=\"font-size: 28px;\"><\/span><\/span><\/div><\/div><div class=\"icon_text_holder\" style=\"padding-left: 110px\"><div class=\"icon_text_inner\" style=\"\"><h4 class=\"icon_title\" style=\"\">ZUVERL\u00c4SSIGKEIT<\/h4><p style=''>Das Planungslabor GmbH stellt den Kunden immer an die erste Stelle, daher ist es f\u00fcr uns besonders wichtig, dass s\u00e4mtliche Leistungen immer mit h\u00f6chster Zuverl\u00e4ssigkeit erbracht werden. <\/p><\/div><\/div><\/div><div class='q_icon_with_title  circle'><div class=\"icon_holder \" style=\" \"><div class=\"icon_holder_inner\"><span class=\"q_font_elegant_holder circle  custom-font\" style=\"font-size: 28px;\"><span class=\"icon_text_icon q_font_elegant_icon icon_lightbulb\" aria-hidden=\"true\" style=\"font-size: 28px;\"><\/span><\/span><\/div><\/div><div class=\"icon_text_holder\" style=\"padding-left: 110px\"><div class=\"icon_text_inner\" style=\"\"><h4 class=\"icon_title\" style=\"\">Logik<\/h4><p style=''>F\u00fcr das konsequente Erreichen der gemeinsam gesetzten Ziele garantieren wir eine systematische Herangehensweise an die gegebenen Aufgabenstellungen, in Kombination mit einer flexiblen Optimierung der Arbeitsabl\u00e4ufe.<\/p><\/div><\/div><\/div>[vc_separator type=&#8221;transparent&#8221; border_style=&#8221;&#8221; up=&#8221;25&#8243; down=&#8221;0&#8243;][\/vc_column_inner][vc_column_inner width=&#8221;1\/2&#8243;]<div class='q_icon_with_title  circle'><div class=\"icon_holder \" style=\" \"><div class=\"icon_holder_inner\"><span class=\"q_font_elegant_holder circle  custom-font\" style=\"font-size: 28px;\"><span class=\"icon_text_icon q_font_elegant_icon icon_star\" aria-hidden=\"true\" style=\"font-size: 28px;\"><\/span><\/span><\/div><\/div><div class=\"icon_text_holder\" style=\"padding-left: 110px\"><div class=\"icon_text_inner\" style=\"\"><h4 class=\"icon_title\" style=\"\">Effizienz<\/h4><p style=''>Komplexe Planungsleistungen ben\u00f6tigen ein effizientes Management aller zugeh\u00f6rigen Prozesse. Daher sind wir stets darauf bedacht, zeitliche Ressourcen und vorhandenes Know How optimal zu nutzen. <\/p><\/div><\/div><\/div><div class='q_icon_with_title  circle'><div class=\"icon_holder \" style=\" \"><div class=\"icon_holder_inner\"><span class=\"q_font_elegant_holder circle  custom-font\" style=\"font-size: 28px;\"><span class=\"icon_text_icon q_font_elegant_icon icon_chat\" aria-hidden=\"true\" style=\"font-size: 28px;\"><\/span><\/span><\/div><\/div><div class=\"icon_text_holder\" style=\"padding-left: 110px\"><div class=\"icon_text_inner\" style=\"\"><h4 class=\"icon_title\" style=\"\">Kooperativ<\/h4><p style=''>Es f\u00fchren zwar immer mehrere Wege zum Erfolg, jedoch wird das Erreichen der gesetzten Ziele von einer optimalen Kooperation aller beteiligten Partner ma\u00dfgeblich beeinflusst. Daher stehen wir bei das Planungslabor GmbH f\u00fcr perfektes Teamwork vom Beginn bis zum Abschluss unserer Projekte.<\/p><\/div><\/div><\/div>[vc_separator type=&#8221;transparent&#8221; border_style=&#8221;&#8221; up=&#8221;25&#8243; down=&#8221;0&#8243;][\/vc_column_inner][\/vc_row_inner][\/vc_column][\/vc_row]<\/p>\n","protected":false},"excerpt":{"rendered":"<p>[vc_row row_type=&#8221;row&#8221; use_row_as_full_screen_section=&#8221;no&#8221; type=&#8221;full_width&#8221; text_align=&#8221;left&#8221; css_animation=&#8221;&#8221;][vc_column][vc_column_text] Wer sind wir? [\/vc_column_text][\/vc_column][\/vc_row][vc_row row_type=&#8221;row&#8221; use_row_as_full_screen_section=&#8221;no&#8221; type=&#8221;full_width&#8221; text_align=&#8221;left&#8221; padding_top=&#8221;10&#8243; padding_bottom=&#8221;50&#8243; css_animation=&#8221;&#8221;][vc_column][vc_separator type=&#8221;transparent&#8221; border_style=&#8221;&#8221; up=&#8221;20&#8243; down=&#8221;0&#8243; icon_pack=&#8221;font_awesome&#8221;][vc_column_text]Um f\u00fcr unsere Kunden immer beste Ergebnisse garantieren zu k\u00f6nnen, haben wir bei [dP]3 das Planungslabor GmbH Zuverl\u00e4ssigkeit, Effizienz und Logik in all unseren&#8230;<\/p>\n","protected":false},"author":1,"featured_media":0,"parent":0,"menu_order":0,"comment_status":"open","ping_status":"open","template":"","meta":[],"_links":{"self":[{"href":"http:\/\/www.planungslabor.com\/test\/wp-json\/wp\/v2\/pages\/19173"}],"collection":[{"href":"http:\/\/www.planungslabor.com\/test\/wp-json\/wp\/v2\/pages"}],"about":[{"href":"http:\/\/www.planungslabor.com\/test\/wp-json\/wp\/v2\/types\/page"}],"author":[{"embeddable":true,"href":"http:\/\/www.planungslabor.com\/test\/wp-json\/wp\/v2\/users\/1"}],"replies":[{"embeddable":true,"href":"http:\/\/www.planungslabor.com\/test\/wp-json\/wp\/v2\/comments?post=19173"}],"version-history":[{"count":53,"href":"http:\/\/www.planungslabor.com\/test\/wp-json\/wp\/v2\/pages\/19173\/revisions"}],"predecessor-version":[{"id":21582,"href":"http:\/\/www.planungslabor.com\/test\/wp-json\/wp\/v2\/pages\/19173\/revisions\/21582"}],"wp:attachment":[{"href":"http:\/\/www.planungslabor.com\/test\/wp-json\/wp\/v2\/media?parent=19173"}],"curies":[{"name":"wp","href":"https:\/\/api.w.org\/{rel}","templated":true}]}}