{"id":19843,"date":"2014-06-13T11:03:41","date_gmt":"2014-06-13T11:03:41","guid":{"rendered":"http:\/\/demo.select-themes.com\/stockholm1\/?page_id=19843"},"modified":"2016-07-27T16:54:57","modified_gmt":"2016-07-27T16:54:57","slug":"home-default","status":"publish","type":"page","link":"http:\/\/www.planungslabor.com\/test\/","title":{"rendered":"Home Default"},"content":{"rendered":"<p>[vc_row row_type=&#8221;row&#8221; use_row_as_full_screen_section=&#8221;no&#8221; type=&#8221;full_width&#8221; text_align=&#8221;left&#8221; background_color=&#8221;#ffffff&#8221; css_animation=&#8221;&#8221;][vc_column][vc_row_inner row_type=&#8221;row&#8221; type=&#8221;grid&#8221; use_row_as_full_screen_section_slide=&#8221;no&#8221; text_align=&#8221;left&#8221; background_color=&#8221;#ffffff&#8221; padding_top=&#8221;50&#8243; css_animation=&#8221;&#8221;][vc_column_inner][vc_column_text]<\/p>\n<h4>[dP]<sup>3<\/sup> das Planungslabor GmbH<\/h4>\n<p>[\/vc_column_text][vc_separator type=&#8221;transparent&#8221; border_style=&#8221;&#8221; up=&#8221;20&#8243; down=&#8221;0&#8243;][vc_column_text]<\/p>\n<h2>WIR STEHEN F\u00dcR PERFEKTE LABORPLANUNG<\/h2>\n<p>[\/vc_column_text][vc_separator type=&#8221;transparent&#8221; border_style=&#8221;&#8221; up=&#8221;20&#8243; down=&#8221;0&#8243;][\/vc_column_inner][\/vc_row_inner][\/vc_column][\/vc_row][vc_row row_type=&#8221;row&#8221; use_row_as_full_screen_section=&#8221;no&#8221; type=&#8221;grid&#8221; text_align=&#8221;left&#8221; background_color=&#8221;#ffffff&#8221; css_animation=&#8221;&#8221;][vc_column width=&#8221;2\/3&#8243;][vc_column_text]Wir sind spezialisiert auf Laborplanung in \u00d6sterreich sowie Deutschland und stehen Ihnen als zuverl\u00e4ssiger wie auch kompetenter Partner zur Seite. Wir bieten vorwiegend individuelle und hochqualitative Konzepte rund um Laborplanung an, die optimal auf die Bed\u00fcrfnisse unserer Kunden zugeschnitten sind.[\/vc_column_text][vc_separator type=&#8221;transparent&#8221; border_style=&#8221;&#8221; up=&#8221;20&#8243; down=&#8221;0&#8243;][vc_column_text]Mit unseren Dienstleistungen decken wir vollumf\u00e4nglich s\u00e4mtliche Anforderungen ab, die im Rahmen verschiedenartiger Projekte auftreten k\u00f6nnen. Aufgrund unserer umfassenden Expertise sind wir der ideale Partner bei Beratung, Planung oder auch der \u00dcberwachung w\u00e4hrend der Ausf\u00fchrung.[\/vc_column_text][vc_separator type=&#8221;transparent&#8221; border_style=&#8221;&#8221; up=&#8221;20&#8243; down=&#8221;0&#8243;][vc_column_text]\u00dcbertragene Projekte werden mit h\u00f6chster Professionalit\u00e4t und maximaler Effizienz abgewickelt. Dabei achten wir auf eine kooperative und zielgerichtete Kommunikation im gesamten Projektverlauf. Der Kunde steht f\u00fcr uns im Fokus, daher sind wir stets darauf ausgerichtet, auf die verschiedensten Anforderungen flexibel zu reagieren und so im Sinne des Kunden ein optimales Ergebnis zu erzielen.[\/vc_column_text][vc_separator type=&#8221;transparent&#8221; border_style=&#8221;&#8221; up=&#8221;60&#8243; down=&#8221;0&#8243;][\/vc_column][vc_column width=&#8221;1\/3&#8243;][\/vc_column][\/vc_row][vc_row row_type=&#8221;row&#8221; use_row_as_full_screen_section=&#8221;no&#8221; type=&#8221;full_width&#8221; text_align=&#8221;left&#8221; css_animation=&#8221;&#8221;][vc_column]<div class=\"call_to_action normal\" style=\"background-color: #f5f5f5;\"><div class=\"container_inner\"><div class=\"two_columns_75_25 clearfix\"><div class=\"text_wrapper column1\"><div class=\"call_to_action_text\" style=\"\"><div class=\"custom_font_holder\" style=\"font-family: Crete Round; font-size: 20px; line-height: 29px; font-style: italic; font-weight: 400; text-decoration: none; letter-spacing: 0px; padding: 0; margin: 0; text-align: left;\"><span>Erfahren Sie mehr \u00fcber unsere Leistungen oder holen Sie sich ein kostenloses und unverbindliches Angebot.<\/span><\/div><\/div><\/div><div class=\"button_wrapper column2\"><a href=\"http:\/\/www.planungslabor.com\/test\/leistungen\/\" class=\"qbutton \" target=\"_self\" style=\"color:#ffffff;border-color:#cdbea7;background-color: #cdbea7;\" data-hover-background-color=#393939  data-hover-border-color=#393939  data-hover-color=#ffffff>MEHR HIER<\/a><\/div><\/div><\/div><\/div>[\/vc_column][\/vc_row]<\/p>\n","protected":false},"excerpt":{"rendered":"<p>[vc_row row_type=&#8221;row&#8221; use_row_as_full_screen_section=&#8221;no&#8221; type=&#8221;full_width&#8221; text_align=&#8221;left&#8221; background_color=&#8221;#ffffff&#8221; css_animation=&#8221;&#8221;][vc_column][vc_row_inner row_type=&#8221;row&#8221; type=&#8221;grid&#8221; use_row_as_full_screen_section_slide=&#8221;no&#8221; text_align=&#8221;left&#8221; background_color=&#8221;#ffffff&#8221; padding_top=&#8221;50&#8243; css_animation=&#8221;&#8221;][vc_column_inner][vc_column_text] [dP]3 das Planungslabor GmbH [\/vc_column_text][vc_separator type=&#8221;transparent&#8221; border_style=&#8221;&#8221; up=&#8221;20&#8243; down=&#8221;0&#8243;][vc_column_text] WIR STEHEN F\u00dcR PERFEKTE LABORPLANUNG [\/vc_column_text][vc_separator type=&#8221;transparent&#8221; border_style=&#8221;&#8221; up=&#8221;20&#8243; down=&#8221;0&#8243;][\/vc_column_inner][\/vc_row_inner][\/vc_column][\/vc_row][vc_row row_type=&#8221;row&#8221; use_row_as_full_screen_section=&#8221;no&#8221; type=&#8221;grid&#8221; text_align=&#8221;left&#8221; background_color=&#8221;#ffffff&#8221; css_animation=&#8221;&#8221;][vc_column width=&#8221;2\/3&#8243;][vc_column_text]Wir sind spezialisiert auf Laborplanung in&#8230;<\/p>\n","protected":false},"author":1,"featured_media":0,"parent":0,"menu_order":0,"comment_status":"open","ping_status":"open","template":"full_width.php","meta":[],"_links":{"self":[{"href":"http:\/\/www.planungslabor.com\/test\/wp-json\/wp\/v2\/pages\/19843"}],"collection":[{"href":"http:\/\/www.planungslabor.com\/test\/wp-json\/wp\/v2\/pages"}],"about":[{"href":"http:\/\/www.planungslabor.com\/test\/wp-json\/wp\/v2\/types\/page"}],"author":[{"embeddable":true,"href":"http:\/\/www.planungslabor.com\/test\/wp-json\/wp\/v2\/users\/1"}],"replies":[{"embeddable":true,"href":"http:\/\/www.planungslabor.com\/test\/wp-json\/wp\/v2\/comments?post=19843"}],"version-history":[{"count":79,"href":"http:\/\/www.planungslabor.com\/test\/wp-json\/wp\/v2\/pages\/19843\/revisions"}],"predecessor-version":[{"id":21579,"href":"http:\/\/www.planungslabor.com\/test\/wp-json\/wp\/v2\/pages\/19843\/revisions\/21579"}],"wp:attachment":[{"href":"http:\/\/www.planungslabor.com\/test\/wp-json\/wp\/v2\/media?parent=19843"}],"curies":[{"name":"wp","href":"https:\/\/api.w.org\/{rel}","templated":true}]}}